{"id":2669,"date":"2021-03-18T00:52:26","date_gmt":"2021-03-17T23:52:26","guid":{"rendered":"https:\/\/www.impresaporta.it\/?page_id=2669"},"modified":"2021-03-18T00:52:26","modified_gmt":"2021-03-17T23:52:26","slug":"nutzungsbedingungen-der-webseite","status":"publish","type":"page","link":"https:\/\/www.impresaporta.it\/de\/nutzungsbedingungen-der-webseite\/","title":{"rendered":"Nutzungsbedingungen der webseite"},"content":{"rendered":"\n<h3>NUTZUNGSBESTIMMUNGEN UND -BEDINGUNGEN.<\/h3>\n\n\n<p>Die Website impresaporta.it ist ein Online-Informationsservice von Impresa Porta. Seine Nutzung unterliegt der Annahme der folgenden Bedingungen. Wenn Sie nicht die Absicht haben, diese Bedingungen zu akzeptieren, werden Sie aufgefordert, die Website nicht zu nutzen und keine Inhalte herunterzuladen.<\/p>\n\n\n<p>Die Website impresaporta.it (und jeder darin vorhandene Hypertext-Link) hat keinen journalistischen Anspruch und kann in unregelm\u00e4\u00dfigen Abst\u00e4nden aktualisiert werden. Daher ist es nicht als ein redaktionelles Produkt zu betrachten und unterliegt nicht der Regelung gem\u00e4\u00df Art. 1, Absatz III des Gesetzes Nr. 62 vom 7.03.2001.<\/p>\n\n\n\u00a0\n\n\n<p>&nbsp;<\/p>\n\n\n<h3>NUTZUNGSBESCHR\u00c4NKUNGEN &#8211; EIGENTUMS- UND URHEBERRECHTE<\/h3>\n\n\n<p>Der Inhalt der Website impresaporta.it ist Copyright \u00a9 Impresa Porta, alle Rechte vorbehalten.<br \/>Der Inhalt der Seiten der Website impresaporta.it darf ohne vorherige schriftliche Zustimmung von Impresa Porta weder ganz noch teilweise kopiert, reproduziert, \u00fcbertragen, hochgeladen, ver\u00f6ffentlicht oder in irgendeiner Weise verbreitet werden, mit Ausnahme der M\u00f6glichkeit, ihn auf dem eigenen Computer zu speichern oder Ausz\u00fcge der Website f\u00fcr den pers\u00f6nlichen Gebrauch auszudrucken.<\/p>\n\n\n\u00a0\n\n\n<p>&nbsp;<\/p>\n\n\n<h3>MARKEN<\/h3>\n\n\n<p>Die auf dieser Website verwendeten Marken und Logos sind Eigentum der Impresa Porta, ihrer Gesellschafter und Partner. Sie d\u00fcrfen ohne vorherige schriftliche Genehmigung von Impresa Porta nicht kopiert oder weiterverwendet werden. Der Name &#8220;Impresa Porta&#8221; und jede Marke, die den Namen Impresa Porta enth\u00e4lt, darf ohne vorherige schriftliche Genehmigung von Impresa Porta nicht als Internetadresse oder als Teil einer Internetadresse f\u00fcr eine andere Website verwendet werden. <\/p>\n\n\n\u00a0\n\n\n<h3>DISCLAIMER<\/h3>\n\n\n<p>Die auf der Website impresaporta.it enthaltenen Informationen werden nach bestem Wissen und Gewissen zur Verf\u00fcgung gestellt und von Impresa Porta als korrekt erachtet.<br \/>Impresa Porta srl kann nicht f\u00fcr direkte oder indirekte Sch\u00e4den, die durch die Nutzung dieser Website entstehen k\u00f6nnten, verantwortlich gemacht werden.<br \/>Die auf dieser Website enthaltenen Informationen k\u00f6nnen technisch ungenau sein und es k\u00f6nnen Tippfehler vorliegen. <br \/>Die Informationen k\u00f6nnen ohne vorherige Ank\u00fcndigung ge\u00e4ndert oder aktualisiert werden. <br \/>Dar\u00fcber hinaus kann Impresa Porta jeden Teil dieser Website ohne vorherige Ank\u00fcndigung verbessern, \u00e4ndern oder entfernen. <\/p>\n\n\n\u00a0\n\n\n<h3>AN IMPRESA PORTA GESENDETE INFORMATIONEN<\/h3>\n\n\n<p>Jegliches Material, das an Impresa Porta gesendet wird, zum Beispiel per E-Mail, wird als nicht vertraulich betrachtet.<br \/>Impresa Porta \u00fcbernimmt keinerlei Verpflichtung in Bezug auf dieses Material und kann es uneingeschr\u00e4nkt vervielf\u00e4ltigen, verwenden, offenlegen, ausstellen, umwandeln, daraus abgeleitete Werke erstellen und an Dritte weitergeben.<br \/>Dar\u00fcber hinaus steht es Impresa Porta frei, jegliche Ideen, Konzepte, Know-how oder Techniken, die in diesem Material enthalten sind, f\u00fcr jeden beliebigen Zweck zu nutzen, einschlie\u00dflich, aber nicht beschr\u00e4nkt auf, Entwicklung, Herstellung und Vermarktung von Produkten, unter Verwendung dieses Materials.<br \/>Wer Material zusendet, garantiert, dass dieses ver\u00f6ffentlichungsf\u00e4hig ist und erkl\u00e4rt sich damit einverstanden, Impresa Porta von jeglichen Anspr\u00fcchen Dritter in Bezug auf dieses Material freizustellen. <\/p>\n\n\n\u00a0\n\n\n<h3>COOKIES<\/h3>\n\n\n<p>Ein &#8220;Cookie&#8221; (eine kleine Datei, die von vielen Websites beim Besuch an die Adresse des Besuchers gesendet wird) kann von jedem Ort der Website impresaporta.it gesendet werden, mit dem Hauptziel, die Aktivit\u00e4t des Besuchers auf der Website zu verfolgen. <\/p>\n\n\n<p>Um mehr \u00fcber Cookies und deren Verwendung auf der Website zu erfahren, besuchen Sie die Seite <a href=\"\/cookies\/\">Cookies<\/a>.<\/p>\n\n\n\u00a0\n\n\n<h3>LINKS<\/h3>\n\n\n<p>Impresa Porta ist nicht verantwortlich f\u00fcr Material, das von Dritten erstellt oder ver\u00f6ffentlicht wird, die mit der Website impresaporta.it verlinkt sind.<br \/>Websites, die mit impresaporta.it verlinkt sind, werden auf eigenes Risiko besucht, und der Besucher sollte alle notwendigen Ma\u00dfnahmen ergreifen, um sich vor Viren oder anderen sch\u00e4dlichen Elementen zu sch\u00fctzen. <br \/>Die Verlinkung mit anderen Websites bedeutet nicht, dass Impresa Porta die Unternehmen, die die auf ihren Websites beschriebenen Dienste anbieten, sponsert oder mit ihnen verbunden ist.<\/p>\n\n\n\u00a0\n\n\n<h3>RECHT UND GERICHTSBARKEIT<\/h3>\n\n\n<p>Diese Bedingungen unterliegen dem italienischen Recht. Ausschlie\u00dflicher Gerichtsstand und zust\u00e4ndig f\u00fcr alle Streitigkeiten, die im Zusammenhang mit diesen Bedingungen stehen, ist das Gericht in Verbania, Italien. Dennoch beh\u00e4lt sich Impresa Porta, wenn es f\u00fcr n\u00f6tig gehalten wird, das Recht vor, vor den Gerichten anderer L\u00e4nder als Italien oder anderer St\u00e4dte als Verbania zu klagen, um die eigenen Interessen zu sch\u00fctzen und Rechte durchzusetzen.<\/p>\n\n\n\u00a0\n\n\n<p>&nbsp;<\/p>\n","protected":false},"excerpt":{"rendered":"<p>NUTZUNGSBESTIMMUNGEN UND -BEDINGUNGEN. Die Website impresaporta.it ist ein Online-Informationsservice von Impresa Porta. Seine Nutzung unterliegt der Annahme der folgenden Bedingungen. Wenn Sie nicht die Absicht haben, diese Bedingungen zu akzeptieren, werden Sie aufgefordert, die Website nicht zu nutzen und keine Inhalte herunterzuladen. Die Website impresaporta.it&#8230;<\/p>\n","protected":false},"author":2,"featured_media":0,"parent":0,"menu_order":0,"comment_status":"closed","ping_status":"closed","template":"","meta":[],"yoast_head":"\n<title>Nutzungsbedingungen der webseite - Impresa Porta<\/title>\n<meta name=\"robots\" content=\"index, follow, max-snippet:-1, max-image-preview:large, max-video-preview:-1\" \/>\n<link rel=\"canonical\" href=\"https:\/\/www.impresaporta.it\/de\/nutzungsbedingungen-der-webseite\/\" \/>\n<meta property=\"og:locale\" content=\"de_DE\" \/>\n<meta property=\"og:type\" content=\"article\" \/>\n<meta property=\"og:title\" content=\"Nutzungsbedingungen der webseite - Impresa Porta\" \/>\n<meta property=\"og:description\" content=\"NUTZUNGSBESTIMMUNGEN UND -BEDINGUNGEN. Die Website impresaporta.it ist ein Online-Informationsservice von Impresa Porta. Seine Nutzung unterliegt der Annahme der folgenden Bedingungen. Wenn Sie nicht die Absicht haben, diese Bedingungen zu akzeptieren, werden Sie aufgefordert, die Website nicht zu nutzen und keine Inhalte herunterzuladen. Die Website impresaporta.it...\" \/>\n<meta property=\"og:url\" content=\"https:\/\/www.impresaporta.it\/de\/nutzungsbedingungen-der-webseite\/\" \/>\n<meta property=\"og:site_name\" content=\"Impresa Porta\" \/>\n<meta name=\"twitter:card\" content=\"summary_large_image\" \/>\n<meta name=\"twitter:label1\" content=\"Gesch\u00e4tzte Lesezeit\">\n\t<meta name=\"twitter:data1\" content=\"3\u00a0Minuten\">\n<script type=\"application\/ld+json\" class=\"yoast-schema-graph\">{\"@context\":\"https:\/\/schema.org\",\"@graph\":[{\"@type\":\"Organization\",\"@id\":\"https:\/\/www.impresaporta.it\/#organization\",\"name\":\"Impresa Porta\",\"url\":\"https:\/\/www.impresaporta.it\/\",\"sameAs\":[],\"logo\":{\"@type\":\"ImageObject\",\"@id\":\"https:\/\/www.impresaporta.it\/#logo\",\"inLanguage\":\"de\",\"url\":\"https:\/\/www.impresaporta.it\/yxussooz\/2020\/10\/logo-porta-blu-h250.png\",\"width\":692,\"height\":250,\"caption\":\"Impresa Porta\"},\"image\":{\"@id\":\"https:\/\/www.impresaporta.it\/#logo\"}},{\"@type\":\"WebSite\",\"@id\":\"https:\/\/www.impresaporta.it\/#website\",\"url\":\"https:\/\/www.impresaporta.it\/\",\"name\":\"Impresa Porta\",\"description\":\"lavori edili - ristrutturazioni - tetti in piode\",\"publisher\":{\"@id\":\"https:\/\/www.impresaporta.it\/#organization\"},\"potentialAction\":[{\"@type\":\"SearchAction\",\"target\":\"https:\/\/www.impresaporta.it\/?s={search_term_string}\",\"query-input\":\"required name=search_term_string\"}],\"inLanguage\":\"de\"},{\"@type\":\"WebPage\",\"@id\":\"https:\/\/www.impresaporta.it\/de\/nutzungsbedingungen-der-webseite\/#webpage\",\"url\":\"https:\/\/www.impresaporta.it\/de\/nutzungsbedingungen-der-webseite\/\",\"name\":\"Nutzungsbedingungen der webseite - Impresa Porta\",\"isPartOf\":{\"@id\":\"https:\/\/www.impresaporta.it\/#website\"},\"datePublished\":\"2021-03-17T23:52:26+00:00\",\"dateModified\":\"2021-03-17T23:52:26+00:00\",\"breadcrumb\":{\"@id\":\"https:\/\/www.impresaporta.it\/de\/nutzungsbedingungen-der-webseite\/#breadcrumb\"},\"inLanguage\":\"de\",\"potentialAction\":[{\"@type\":\"ReadAction\",\"target\":[\"https:\/\/www.impresaporta.it\/de\/nutzungsbedingungen-der-webseite\/\"]}]},{\"@type\":\"BreadcrumbList\",\"@id\":\"https:\/\/www.impresaporta.it\/de\/nutzungsbedingungen-der-webseite\/#breadcrumb\",\"itemListElement\":[{\"@type\":\"ListItem\",\"position\":1,\"item\":{\"@type\":\"WebPage\",\"@id\":\"https:\/\/www.impresaporta.it\/de\/home\/\",\"url\":\"https:\/\/www.impresaporta.it\/de\/home\/\",\"name\":\"Home\"}},{\"@type\":\"ListItem\",\"position\":2,\"item\":{\"@type\":\"WebPage\",\"@id\":\"https:\/\/www.impresaporta.it\/de\/nutzungsbedingungen-der-webseite\/\",\"url\":\"https:\/\/www.impresaporta.it\/de\/nutzungsbedingungen-der-webseite\/\",\"name\":\"Nutzungsbedingungen der webseite\"}}]}]}<\/script>\n","_links":{"self":[{"href":"https:\/\/www.impresaporta.it\/de\/wp-json\/wp\/v2\/pages\/2669"}],"collection":[{"href":"https:\/\/www.impresaporta.it\/de\/wp-json\/wp\/v2\/pages"}],"about":[{"href":"https:\/\/www.impresaporta.it\/de\/wp-json\/wp\/v2\/types\/page"}],"author":[{"embeddable":true,"href":"https:\/\/www.impresaporta.it\/de\/wp-json\/wp\/v2\/users\/2"}],"replies":[{"embeddable":true,"href":"https:\/\/www.impresaporta.it\/de\/wp-json\/wp\/v2\/comments?post=2669"}],"version-history":[{"count":3,"href":"https:\/\/www.impresaporta.it\/de\/wp-json\/wp\/v2\/pages\/2669\/revisions"}],"predecessor-version":[{"id":2672,"href":"https:\/\/www.impresaporta.it\/de\/wp-json\/wp\/v2\/pages\/2669\/revisions\/2672"}],"wp:attachment":[{"href":"https:\/\/www.impresaporta.it\/de\/wp-json\/wp\/v2\/media?parent=2669"}],"curies":[{"name":"wp","href":"https:\/\/api.w.org\/{rel}","templated":true}]}}