{"id":2673,"date":"2021-03-18T00:52:24","date_gmt":"2021-03-17T23:52:24","guid":{"rendered":"https:\/\/www.impresaporta.it\/?page_id=2673"},"modified":"2021-04-27T13:01:40","modified_gmt":"2021-04-27T11:01:40","slug":"cookies","status":"publish","type":"page","link":"https:\/\/www.impresaporta.it\/de\/cookies\/","title":{"rendered":"Cookies"},"content":{"rendered":"\r\n<p>Cookies bestehen aus Codeteilen, die im Browser installiert werden und den Betreiber der Seite bei der Erbringung des Dienstes gem\u00e4\u00df den beschriebenen Zwecken unterst\u00fctzen.<br \/>Dar\u00fcber hinaus k\u00f6nnen einige der Zwecke des Setzens von Cookies auch die Zustimmung des Benutzers erfordern.<\/p>\r\n\r\n\r\n\r\n\r\n<hr \/>\r\n\r\n\r\n<h3>TECHNISCHE COOKIES UND COOKIES F\u00dcR STATISTISCHE ANALYSEN<\/h3>\r\n\r\n\r\n\r\n<h4>AKTIVIT\u00c4TEN, DIE F\u00dcR DAS FUNKTIONIEREN DER WEBSITE UNBEDINGT ERFORDERLICH SIND<\/h4>\r\n\r\n\r\n\r\n<p>Diese Anwendung verwendet Cookies, um die Sitzung des Benutzers zu speichern und um andere Aktivit\u00e4ten durchzuf\u00fchren, die f\u00fcr den Betrieb derselben unbedingt erforderlich sind, zum Beispiel in Bezug auf die Verteilung des Datenverkehrs.<\/p>\r\n\r\n\r\n\r\n<h4>SPEICHERN VON VORLIEBEN, OPTIMIERUNG UND STATISTIK<\/h4>\r\n\r\n\r\n\r\n<p>Diese Anwendung verwendet Cookies, um Ihre Browsing-Einstellungen zu speichern und Ihr Surf-Erlebnis zu optimieren. Zu diesen Cookies geh\u00f6ren z.B. solche, die die Sprache und die W\u00e4hrung einstellen oder die es dem Betreiber der Seite erm\u00f6glichen, Statistiken zu verwalten.<\/p>\r\n\r\n\r\n\r\n\r\n<hr \/>\r\n\r\n\r\n<h3>ANDERE ARTEN VON COOKIES ODER SOLCHE VON DRITTANBIETERN, DIE DAVON GEBRAUCH MACHEN K\u00d6NNTEN<\/h3>\r\n\r\n\r\n\r\n<p>Einige der unten aufgef\u00fchrten Dienste sammeln Statistiken in aggregierter Form und ben\u00f6tigen m\u00f6glicherweise keine Zustimmung des Benutzers oder werden &#8211; je nach Beschreibung &#8211; direkt vom Eigent\u00fcmer ohne die Hilfe Dritter verwaltet.<br \/>Wenn sich unter den unten aufgef\u00fchrten Tools Dienste befinden, die von Dritten verwaltet werden, k\u00f6nnen diese &#8211; zus\u00e4tzlich zu dem, was angegeben ist und auch ohne das Wissen des Eigent\u00fcmers, die Aktivit\u00e4ten des Benutzers verfolgen.<br \/>Detaillierte Informationen finden Sie in den Datenschutzbestimmungen der aufgef\u00fchrten Dienste.<\/p>\r\n\r\n\r\n\r\n<p><strong>Verwaltung von RSS-Feeds<\/strong><br \/>Diese Dienste erm\u00f6glichen die Verwaltung von RSS-Feeds und die Verteilung ihrer Inhalte. Je nach den Merkmalen des verwendeten Dienstes k\u00f6nnen diese Dienste auch dazu verwendet werden, Werbung innerhalb des Inhalts einzuf\u00fcgen und statistische Daten dar\u00fcber zu sammeln.<br \/>Feedburner (Google)<br \/>Feedburner ist ein von Google Inc. angebotener Dienst zur Verwaltung von RSS-Feeds, der es erm\u00f6glicht, statistische Daten \u00fcber die Abfrage von Inhalten zu sammeln und darin Werbung zu integrieren.<br \/>Erfasste personenbezogene Daten: Cookies und Nutzungsdaten.<br \/>Ort, an dem Daten verarbeitet werden:\u00a0<a href=\"http:\/\/www.google.com\/intl\/it\/policies\/privacy\/\">USA \u2013 Datenschutzerkl\u00e4rung.<\/a><\/p>\r\n\r\n\r\n\r\n<p><strong>nteraktion mit sozialen Netzwerken und externen Plattformen<\/strong><br \/>Diese Dienste erm\u00f6glichen es dem Nutzer, direkt von den Seiten dieser Anwendung aus mit sozialen Netzwerken oder mit anderen externen Plattformen zu interagieren.<br \/>Die von dieser Anwendung erfassten Interaktionen und Informationen unterliegen in jedem Fall den Datenschutzeinstellungen des Nutzers in Bezug auf das jeweilige soziale Netzwerk.<br \/>F\u00fcr den Fall, dass ein Interaktionsdienst mit sozialen Netzwerken installiert ist, ist es m\u00f6glich, dass dieser, auch wenn der Benutzer den Dienst nicht nutzt, Verkehrsdaten in Bezug auf die Seiten sammelt, auf denen er installiert ist.<\/p>\r\n\r\n\r\n\r\n<p><em>PLike-Buttons und Facebook-Social-Widgets (Facebook, Inc.)<\/em><br \/>Der &#8220;Like&#8221;-Button und die Facebook-Social-Widgets sind Interaktionsdienste, die mit dem sozialen Netzwerk Facebook verbunden sind und von der Facebook, Inc. bereitgestellt werden.<br \/>Erfasste personenbezogene Daten: Cookies und Nutzungsdaten.<br \/>Ort, an dem Daten verarbeitet werden:\u00a0<a href=\"https:\/\/www.facebook.com\/help\/cookies\/update\">USA \u2013 Datenschutzerkl\u00e4rung\u00a0<\/a>\u00a0\u2013\u00a0<a href=\"https:\/\/www.facebook.com\/help\/cookies\/update\">USA \u2013 Cookies<\/a><br \/><em>Tweet-Button und Twitter Social Widgets (Twitter)<\/em><br \/>Der Tweet-Button und die Twitter Social Widgets sind Interaktionsdienste, die mit dem sozialen Netzwerk Twitter verbunden sind und von der Twitter Inc. bereitgestellt werden.<br \/>Erfasste personenbezogene Daten: Cookies und Nutzungsdaten.<br \/>Ort, an dem Daten verarbeitet werden:\u00a0<a href=\"http:\/\/twitter.com\/privacy\">USA \u2013 Datenschutzerkl\u00e4rung.<\/a><\/p>\r\n\r\n\r\n\r\n<p><em>Andere Schaltfl\u00e4chen, die das Teilen mit sozialen Netzwerken erm\u00f6glichen <\/em><br \/>Beachten Sie die Datenschutzbestimmungen und Cookies des jeweiligen sozialen Netzwerks, mit dem Sie den Inhalt teilen m\u00f6chten.<\/p>\r\n\r\n\r\n\r\n<p><strong>Google Analytics<\/strong><br \/>Diese Website benutzt Google Analytics, einen Webanalysedienst der Google Inc. (\u201cGoogle\u201d).<br \/>Google Analytics verwendet sog. Cookies, Textdateien, die auf Ihrem Computer gespeichert werden und die eine Analyse der Benutzung der Website durch Sie erm\u00f6glicht (einschlie\u00dflich Ihrer IP-Adresse).<br \/>Diese Informationen werden an Google \u00fcbermittelt und verwendet, um Berichte \u00fcber Ihre Aktivit\u00e4ten auf der Website an impresaporta.it zu senden.<br \/>Diese Website verwendet keine Analysetools von Google (und erlaubt Dritten nicht, diese zu verwenden), um Ihre pers\u00f6nlichen Identifikationsdaten zu \u00fcberwachen oder zu sammeln.<br \/>Google verbindet Ihre IP-Adresse nicht mit anderen von Google gesammelten Informationen und versucht auch nicht, eine IP-Adresse mit der Identit\u00e4t eines Computernutzers zu verbinden.<br \/>Google darf diese Informationen gegebenenfalls an Dritte \u00fcbermitteln, sofern dies gesetzlich vorgeschrieben oder soweit Dritte diese Daten im Auftrag von Google verarbeiten.<br \/>Erfasste personenbezogene Daten: Cookies und Nutzungsdaten.<br \/>Ort, an dem Daten verarbeitet werden:\u00a0<a href=\"https:\/\/developers.google.com\/analytics\/devguides\/collection\/analyticsjs\/cookie-usage?hl=it\">USA \u2013 Datenschutzerkl\u00e4rung.<\/a><\/p>\r\n\r\n\r\n\r\n\r\n<hr \/>\r\n\r\n\r\n<h3>WIE KANN ICH DIE INSTALLATION VON COOKIES \u00dcBERPR\u00dcFEN?<\/h3>\r\n\r\n\r\n\r\n<p>Zus\u00e4tzlich zu dem, was in diesem Dokument angegeben ist, kann der Benutzer die Einstellungen in Bezug auf Cookies direkt in seinem Browser verwalten und z. B. die Installation von Cookies durch Dritte verhindern.<br \/>\u00dcber die Browsereinstellungen ist es auch m\u00f6glich, in der Vergangenheit installierte Cookies zu l\u00f6schen, einschlie\u00dflich des Cookies, in dem die Zustimmung zur Installation von Cookies durch diese Seite gespeichert ist.<br \/>Es ist wichtig zu beachten, dass die Deaktivierung aller Cookies das Funktionieren dieser Website beeintr\u00e4chtigen k\u00f6nnte.<br \/>Der Benutzer kann unter den folgenden Links Informationen dar\u00fcber finden, wie er Cookies in seinem Browser verwalten kann:<br \/><a href=\"https:\/\/support.google.com\/chrome\/answer\/95647?hl=it&amp;p=cpn_cookies\" target=\"_blank\" rel=\"noreferrer noopener\">Google Chrome<\/a><br \/><a href=\"https:\/\/support.mozilla.org\/it\/kb\/Attivare%20e%20disattivare%20i%20cookie\" target=\"_blank\" rel=\"noreferrer noopener\">Mozilla Firefox<\/a><br \/><a href=\"https:\/\/support.apple.com\/kb\/PH19214?viewlocale=it_IT&amp;locale=en_US\" target=\"_blank\" rel=\"noreferrer noopener\">Apple Safari<\/a><br \/><a href=\"http:\/\/windows.microsoft.com\/it-it\/windows-vista\/block-or-allow-cookies\" target=\"_blank\" rel=\"noreferrer noopener\">Microsoft Windows Explorer<\/a><br \/>Bei Diensten von Drittanbietern kann der Nutzer sein Widerspruchsrecht gegen das Tracking auch aus\u00fcben, indem er sich \u00fcber die Datenschutzerkl\u00e4rung des Drittanbieters erkundigt, \u00fcber den Opt-Out-Link, falls dieser explizit angeboten wird, oder indem er sich direkt an den Drittanbieter wendet.<br \/>Ungeachtet der obigen Ausf\u00fchrungen schl\u00e4gt der Eigent\u00fcmer dem Benutzer vor, die Online-Auswahl zu nutzen. \u00dcber diesen Dienst ist es m\u00f6glich, die Tracking-Einstellungen der meisten Werbetools zu verwalten. Der Eigent\u00fcmer empfiehlt daher den Benutzern, diese Ressource zus\u00e4tzlich zu den in diesem Dokument enthaltenen Informationen zu verwenden.<\/p>\r\n\r\n\r\n<hr \/>\r\n\r\n\r\n\r\n\r\n<h3>VERANTWORTLICHER F\u00dcR PERSONENBEZOGENE DATEN<\/h3>\r\n\r\n\r\n\r\n<p>Der Datenverantwortliche ist Impresa Porta, via Sesdro 28, Malesco (VB) \u2013 email: <a href=\"mailto:info@solistaosteopathy.com\">info@impresaporta.it<\/a><br \/>Da die Installation von Cookies und anderen Tracking-Systemen, die von Dritten \u00fcber die innerhalb dieser Anwendung genutzten Dienste betrieben werden, technisch nicht durch den f\u00fcr die Verarbeitung personenbezogener Daten Verantwortlichen kontrolliert werden kann, ist jeder spezifische Hinweis auf Cookies und Tracking-Systeme, die von Dritten installiert werden, als Hinweis zu verstehen. Vollst\u00e4ndige Informationen finden Sie in der Datenschutzrichtlinie des in diesem Dokument aufgef\u00fchrten Drittanbieterdienstes.<br \/>In Anbetracht der Komplexit\u00e4t, die mit der Identifizierung der auf Cookies basierenden Technologien und ihrer sehr engen Integration mit dem Betrieb des Webs verbunden ist, wird der Benutzer gebeten, sich f\u00fcr weitere Informationen \u00fcber die Verwendung von Cookies und deren Nutzung &#8211; zum Beispiel durch Dritte &#8211; \u00fcber diese Website an den Datenverantwortlichen zu wenden.<\/p>\r\n\r\n\r\n<hr \/>\r\n\r\n\r\n\r\n\r\n<h3>RECHTLICHE DEFINITIONEN UND HINWEISE<\/h3>\r\n\r\n\r\n\r\n<h4>PERS\u00d6NLICHE DATEN (ODER DATEN)<\/h4>\r\n\r\n\r\n\r\n<p>Alle Informationen \u00fcber eine nat\u00fcrliche Person, die identifiziert oder identifizierbar ist, auch indirekt durch Bezugnahme auf andere Informationen, einschlie\u00dflich einer pers\u00f6nlichen Identifikationsnummer, sind personenbezogene Daten.<\/p>\r\n\r\n\r\n\r\n<h4>BENUTZUNGSDATEN<\/h4>\r\n\r\n\r\n\r\n<p>Es handelt sich um die Informationen, die automatisch von dieser Anwendung (oder von Anwendungen Dritter, die diese Anwendung verwendet) gesammelt werden, einschlie\u00dflich: die IP-Adressen oder Domain-Namen der Computer, die vom Benutzer verwendet werden, der sich mit dieser Anwendung verbindet, die Adressen in URI-Notation (Uniform Resource Identifier), die Uhrzeit der Anfrage, die Methode, die verwendet wird, um die Anfrage an den Server zu \u00fcbermitteln, die Gr\u00f6\u00dfe der als Antwort erhaltenen Datei, der Zahlencode, der den Status der Antwort vom Server angibt (erfolgreich, Fehler usw.), das Herkunftsland, verschiedene Merkmale des Browsers und des Betriebssystems, das der Besucher verwendet, verschiedene Informationen zu den Zeiten (z. B. die Zeit, die auf einer Seite verbracht wird, und die Details der Wege, die innerhalb der Anwendung verfolgt werden), insbesondere die Reihenfolge der aufgerufenen Seiten, und die Computerumgebung des Benutzers.<\/p>\r\n\r\n\r\n\r\n<h4>ANWENDER<\/h4>\r\n\r\n\r\n\r\n<p>Die Person, die diese Anwendung nutzt, die mit der betroffenen Person \u00fcbereinstimmen muss oder von ihr bevollm\u00e4chtigt ist, und deren personenbezogene Daten Gegenstand der Verarbeitung sind.<\/p>\r\n\r\n\r\n\r\n<h4>INTERESSENT<\/h4>\r\n\r\n\r\n\r\n<p>Die nat\u00fcrliche oder juristische Person, auf die sich die personenbezogenen Daten beziehen.<\/p>\r\n\r\n\r\n\r\n<h4>DATENVERARBEITER (VERANTWORTLICHE PERSON)<\/h4>\r\n\r\n\r\n\r\n<p>Die nat\u00fcrliche Person, die juristische Person, die \u00f6ffentliche Verwaltung und jede andere K\u00f6rperschaft, Vereinigung oder Einrichtung, die vom Datenverantwortlichen mit der Verarbeitung personenbezogener Daten beauftragt wird, wie in der Datenschutzerkl\u00e4rung angegeben.<\/p>\r\n\r\n\r\n\r\n<h4>DATENVERANTWORTLICHER (ODER CONTROLLER)<\/h4>\r\n\r\n\r\n\r\n<p>Die nat\u00fcrliche Person, die juristische Person, die \u00f6ffentliche Verwaltung und jede andere K\u00f6rperschaft, Vereinigung oder Einrichtung, auch zusammen mit einem anderen Verantwortlichen, die f\u00fcr Entscheidungen \u00fcber die Zwecke und Methoden der Verarbeitung personenbezogener Daten und die verwendeten Tools, einschlie\u00dflich des Sicherheitsprofils, im Zusammenhang mit dem Betrieb und der Nutzung dieser Anwendung verantwortlich ist. Der Data Controller ist, sofern nicht anders angegeben, der Eigent\u00fcmer dieser Anwendung.<\/p>\r\n\r\n\r\n\r\n<h4>DIESE ANWENDUNG<\/h4>\r\n\r\n\r\n\r\n<p>Die Hardware oder Software, durch die die pers\u00f6nlichen Daten des Benutzers gesammelt werden.<\/p>\r\n\r\n\r\n\r\n<h4>COOKIE<\/h4>\r\n\r\n\r\n\r\n<p>Eine kleine Menge an Daten, die auf dem Ger\u00e4t des Benutzers gespeichert sind.<\/p>\r\n\r\n\r\n<hr \/>\r\n\r\n\r\n\r\n\r\n<h3>RECHTLICHE HINWEISE<\/h3>\r\n\r\n\r\n\r\n<p>Hinweis f\u00fcr europ\u00e4ische Nutzer: Diese Datenschutzrichtlinie wurde in \u00dcbereinstimmung mit den Verpflichtungen gem\u00e4\u00df Art. 10 der Richtlinie Nr. 95\/46\/EG, sowie den Bestimmungen der Richtlinie 2002\/58\/EG, aktualisiert durch die Richtlinie 2009\/136\/EG, bez\u00fcglich Cookies.<br \/>Diese Datenschutzerkl\u00e4rung bezieht sich ausschlie\u00dflich auf diese Anwendung.<\/p>\r\n\r\n\r\n","protected":false},"excerpt":{"rendered":"<p>Cookies bestehen aus Codeteilen, die im Browser installiert werden und den Betreiber der Seite bei der Erbringung des Dienstes gem\u00e4\u00df den beschriebenen Zwecken unterst\u00fctzen.Dar\u00fcber hinaus k\u00f6nnen einige der Zwecke des Setzens von Cookies auch die Zustimmung des Benutzers erfordern. TECHNISCHE COOKIES UND COOKIES F\u00dcR STATISTISCHE&#8230;<\/p>\n","protected":false},"author":2,"featured_media":0,"parent":0,"menu_order":0,"comment_status":"closed","ping_status":"closed","template":"","meta":[],"yoast_head":"\n<title>Cookies - Impresa Porta<\/title>\n<meta name=\"robots\" content=\"index, follow, max-snippet:-1, max-image-preview:large, max-video-preview:-1\" \/>\n<link rel=\"canonical\" href=\"https:\/\/www.impresaporta.it\/de\/cookies\/\" \/>\n<meta property=\"og:locale\" content=\"de_DE\" \/>\n<meta property=\"og:type\" content=\"article\" \/>\n<meta property=\"og:title\" content=\"Cookies - Impresa Porta\" \/>\n<meta property=\"og:description\" content=\"Cookies bestehen aus Codeteilen, die im Browser installiert werden und den Betreiber der Seite bei der Erbringung des Dienstes gem\u00e4\u00df den beschriebenen Zwecken unterst\u00fctzen.Dar\u00fcber hinaus k\u00f6nnen einige der Zwecke des Setzens von Cookies auch die Zustimmung des Benutzers erfordern. TECHNISCHE COOKIES UND COOKIES F\u00dcR STATISTISCHE...\" \/>\n<meta property=\"og:url\" content=\"https:\/\/www.impresaporta.it\/de\/cookies\/\" \/>\n<meta property=\"og:site_name\" content=\"Impresa Porta\" \/>\n<meta property=\"article:modified_time\" content=\"2021-04-27T11:01:40+00:00\" \/>\n<meta name=\"twitter:card\" content=\"summary_large_image\" \/>\n<meta name=\"twitter:label1\" content=\"Gesch\u00e4tzte Lesezeit\">\n\t<meta name=\"twitter:data1\" content=\"6\u00a0Minuten\">\n<script type=\"application\/ld+json\" class=\"yoast-schema-graph\">{\"@context\":\"https:\/\/schema.org\",\"@graph\":[{\"@type\":\"Organization\",\"@id\":\"https:\/\/www.impresaporta.it\/#organization\",\"name\":\"Impresa Porta\",\"url\":\"https:\/\/www.impresaporta.it\/\",\"sameAs\":[],\"logo\":{\"@type\":\"ImageObject\",\"@id\":\"https:\/\/www.impresaporta.it\/#logo\",\"inLanguage\":\"de\",\"url\":\"https:\/\/www.impresaporta.it\/yxussooz\/2020\/10\/logo-porta-blu-h250.png\",\"width\":692,\"height\":250,\"caption\":\"Impresa Porta\"},\"image\":{\"@id\":\"https:\/\/www.impresaporta.it\/#logo\"}},{\"@type\":\"WebSite\",\"@id\":\"https:\/\/www.impresaporta.it\/#website\",\"url\":\"https:\/\/www.impresaporta.it\/\",\"name\":\"Impresa Porta\",\"description\":\"lavori edili - ristrutturazioni - tetti in piode\",\"publisher\":{\"@id\":\"https:\/\/www.impresaporta.it\/#organization\"},\"potentialAction\":[{\"@type\":\"SearchAction\",\"target\":\"https:\/\/www.impresaporta.it\/?s={search_term_string}\",\"query-input\":\"required name=search_term_string\"}],\"inLanguage\":\"de\"},{\"@type\":\"WebPage\",\"@id\":\"https:\/\/www.impresaporta.it\/de\/cookies\/#webpage\",\"url\":\"https:\/\/www.impresaporta.it\/de\/cookies\/\",\"name\":\"Cookies - Impresa Porta\",\"isPartOf\":{\"@id\":\"https:\/\/www.impresaporta.it\/#website\"},\"datePublished\":\"2021-03-17T23:52:24+00:00\",\"dateModified\":\"2021-04-27T11:01:40+00:00\",\"breadcrumb\":{\"@id\":\"https:\/\/www.impresaporta.it\/de\/cookies\/#breadcrumb\"},\"inLanguage\":\"de\",\"potentialAction\":[{\"@type\":\"ReadAction\",\"target\":[\"https:\/\/www.impresaporta.it\/de\/cookies\/\"]}]},{\"@type\":\"BreadcrumbList\",\"@id\":\"https:\/\/www.impresaporta.it\/de\/cookies\/#breadcrumb\",\"itemListElement\":[{\"@type\":\"ListItem\",\"position\":1,\"item\":{\"@type\":\"WebPage\",\"@id\":\"https:\/\/www.impresaporta.it\/de\/home\/\",\"url\":\"https:\/\/www.impresaporta.it\/de\/home\/\",\"name\":\"Home\"}},{\"@type\":\"ListItem\",\"position\":2,\"item\":{\"@type\":\"WebPage\",\"@id\":\"https:\/\/www.impresaporta.it\/de\/cookies\/\",\"url\":\"https:\/\/www.impresaporta.it\/de\/cookies\/\",\"name\":\"Cookies\"}}]}]}<\/script>\n","_links":{"self":[{"href":"https:\/\/www.impresaporta.it\/de\/wp-json\/wp\/v2\/pages\/2673"}],"collection":[{"href":"https:\/\/www.impresaporta.it\/de\/wp-json\/wp\/v2\/pages"}],"about":[{"href":"https:\/\/www.impresaporta.it\/de\/wp-json\/wp\/v2\/types\/page"}],"author":[{"embeddable":true,"href":"https:\/\/www.impresaporta.it\/de\/wp-json\/wp\/v2\/users\/2"}],"replies":[{"embeddable":true,"href":"https:\/\/www.impresaporta.it\/de\/wp-json\/wp\/v2\/comments?post=2673"}],"version-history":[{"count":3,"href":"https:\/\/www.impresaporta.it\/de\/wp-json\/wp\/v2\/pages\/2673\/revisions"}],"predecessor-version":[{"id":2811,"href":"https:\/\/www.impresaporta.it\/de\/wp-json\/wp\/v2\/pages\/2673\/revisions\/2811"}],"wp:attachment":[{"href":"https:\/\/www.impresaporta.it\/de\/wp-json\/wp\/v2\/media?parent=2673"}],"curies":[{"name":"wp","href":"https:\/\/api.w.org\/{rel}","templated":true}]}}